{"id":139,"date":"2014-10-17T20:43:43","date_gmt":"2014-10-18T03:43:43","guid":{"rendered":"https:\/\/www.cpecschool.org\/?page_id=139"},"modified":"2016-04-05T11:43:18","modified_gmt":"2016-04-05T18:43:18","slug":"about-us","status":"publish","type":"page","link":"https:\/\/www.cpecschool.org\/?page_id=139","title":{"rendered":"FAQ"},"content":{"rendered":"<div class=\"et_pb_section\" style='background-color:#ffffff;'>\r\n\t\t\t\r\n\t\t\t<div class=\"et_pb_row\">\r\n\t\t\t<div class=\"et_pb_column et_pb_column_4_4\">\r\n\t\t\t<div class=\"et_pb_tabs\">\r\n\t\t\t<ul class=\"et_pb_tabs_controls clearfix\">\r\n\t\t\t\t<li class=\"et_pb_tab_active\"><a href=\"#\">English<\/a><\/li><li><a href=\"#\">Espanol<\/a><\/li>\r\n\t\t\t<\/ul>\r\n\t\t\t<div class=\"et_pb_all_tabs\">\r\n\t\t\t\t<div class=\"et_pb_tab clearfix et_pb_active_content\">\r\n\t\t\t\n<table style=\"height: 609px;\" width=\"751\">\n<tbody>\n<tr>\n<td valign=\"top\" width=\"242\"><strong>What is Clear Passage Educational Center?<\/strong><\/td>\n<td width=\"520\">CPEC is an independent study high school serving students throughout Southern California. We offer high school diploma completion, credit recovery and college guidance and career preparation. Most importantly we offer flexible, online classes that can be completed at home or at school.<\/td>\n<\/tr>\n<tr>\n<td valign=\"top\" width=\"242\"><strong>What grades do you serve?<\/strong><\/td>\n<td width=\"520\">We serve high school students in grades 9-12 (ages 14-19).<\/td>\n<\/tr>\n<tr>\n<td valign=\"top\" width=\"242\"><strong>Can any student attend?<\/strong><\/td>\n<td width=\"520\">Yes, CPEC is open to all students who wish to enroll, provided they are of high school age.<\/td>\n<\/tr>\n<tr>\n<td valign=\"top\" width=\"242\"><strong>How can I enroll?\u00a0<\/strong><\/td>\n<td width=\"520\">You can go to our website (www.cpecschool.org) and click on &#8220;Enroll Now&#8221;. Or you can call us at 888-502- 1116 and one of our specialists will contact you.<\/td>\n<\/tr>\n<tr>\n<td valign=\"top\" width=\"242\"><strong>Is there a fee to attend?<\/strong><\/td>\n<td width=\"520\">No, as a public school, CPEC does not charge tuition or any other fees to attend.<\/td>\n<\/tr>\n<tr>\n<td valign=\"top\" width=\"242\"><strong>Is there a website where I can get more information?<\/strong><\/td>\n<td width=\"520\">Yes. Our web address is www.cpecschool.org. You can also call us at 888-502-1116 and one of our specialists will contact you.<\/td>\n<\/tr>\n<tr>\n<td valign=\"top\" width=\"242\"><strong>What are the school hours?<\/strong><\/td>\n<td width=\"520\">CPEC&#8217;s office hours are from 7:30 am to 4:30 pm. However, our program is flexible so course work can be completed at any time (at home or school).<\/td>\n<\/tr>\n<tr>\n<td valign=\"top\" width=\"242\"><strong>Can students enroll simultaneously in another private or public school?\u00a0<\/strong><\/td>\n<td width=\"520\">No. As a charter school, CPEC students may not be enrolled in another high school. However, they may enroll in a community college, adult school or ROP for courses not offered at CPEC.<\/td>\n<\/tr>\n<tr>\n<td valign=\"top\" width=\"242\"><\/td>\n<td width=\"520\"><\/td>\n<\/tr>\n<tr>\n<td valign=\"top\" width=\"242\"><\/td>\n<td width=\"520\"><\/td>\n<\/tr>\n<tr>\n<td valign=\"top\" width=\"242\"><\/td>\n<td width=\"520\"><\/td>\n<\/tr>\n<tr>\n<td valign=\"top\" width=\"242\"><\/td>\n<td width=\"520\"><\/td>\n<\/tr>\n<\/tbody>\n<\/table>\n<p>Download:\u00a0<a href=\"https:\/\/www.cpecschool.org\/wp-content\/uploads\/2016\/04\/CPEC-FAQ-English-Spanish-110915-final.pdf\" target=\"_blank\">CPEC FAQs<\/a><\/p>\n<p>&nbsp;<\/p>\n\r\n\t\t<\/div> <!-- .et_pb_tab --><div class=\"et_pb_tab clearfix\">\r\n\t\t\t\n<table width=\"762\">\n<tbody>\n<tr>\n<td valign=\"top\" width=\"242\"><strong>\u00bfQu\u00e9 es Clear Passage Educational Center?<\/strong><\/td>\n<td width=\"520\">CPEC es una escuela secundaria de estudios independientes que sirve a estudiantes en todo el sur de California. Ofrecemos finalizaci\u00f3n del diploma de la escuela preparatoria (high school), recuperaci\u00f3n de cr\u00e9ditos y orientaci\u00f3n para la universidad y preparaci\u00f3n vocacional. Lo m\u00e1s importante es que ofrecemos clases flexibles, en l\u00ednea que se pueden completar en casa o en la escuela.<\/td>\n<\/tr>\n<tr>\n<td valign=\"top\" width=\"242\"><strong>\u00bfCuales grados sirven?<\/strong><\/td>\n<td width=\"520\">Servimos a los estudiantes de preparatoria de los grados 9 \u2013 12 (de las edades de 14-19 a\u00f1os).<\/td>\n<\/tr>\n<tr>\n<td valign=\"top\" width=\"242\"><strong>\u00bfPuede asistir cualquier estudiante?<\/strong><\/td>\n<td width=\"520\">S\u00ed, CPEC est\u00e1 abierta a todos los estudiantes que deseen inscribirse, siempre que sean de la edad de la escuela preparatoria (high school).<\/td>\n<\/tr>\n<tr>\n<td valign=\"top\" width=\"242\"><strong>\u00bfC\u00f3mo puedo inscribirme?\u00a0<\/strong><\/td>\n<td width=\"520\">Puedes ir a nuestro sitio web (www.cpecschool.org) y haz clic en \u201cEnroll Now\u201d. O puedes llamarnos al 888-502- 1116 y uno de nuestros especialistas se comunicar\u00e1 contigo.<\/td>\n<\/tr>\n<tr>\n<td valign=\"top\" width=\"242\"><strong>\u00bfHay que pagar para asistir?<\/strong><\/td>\n<td width=\"520\">No, como escuela p\u00fablica, CPEC no cobra matr\u00edcula o cualquier otro cargo para asistir.<\/td>\n<\/tr>\n<tr>\n<td valign=\"top\" width=\"242\"><strong>\u00bfHay una p\u00e1gina web donde puedo conseguir m\u00e1s informaci\u00f3n?<\/strong><\/td>\n<td width=\"520\">S\u00ed. Nuestra direcci\u00f3n web es www.cpecschool.org. Tambi\u00e9n puede llamarnos al 888-502-1116 y uno de nuestros especialistas se comunicar\u00e1 con usted.<\/td>\n<\/tr>\n<tr>\n<td valign=\"top\" width=\"242\"><strong>\u00bfCu\u00e1les son las horas de la escuela? <\/strong><\/td>\n<td width=\"520\">: La oficina de CPEC est\u00e1 abierta de 7:30 am a 4:30 pm. Sin embargo, nuestro programa es flexible y los cursos se pueden realizar a cualquier hora (en casa o en la escuela).<\/td>\n<\/tr>\n<tr>\n<td valign=\"top\" width=\"242\"><strong>\u00bfPueden los estudiantes inscribirse simult\u00e1neamente en otra escuela p\u00fablica o privada?<\/strong><\/td>\n<td width=\"520\">No. Como una escuela charter, los estudiantes de CPEC no se pueden inscribir en otro programa de diploma. Sin embargo, pueden inscribirse en un colegio de la comunidad, la escuela de adultos o ROP para los cursos que no se ofrecen en CPEC.<\/td>\n<\/tr>\n<tr>\n<td valign=\"top\" width=\"242\"><\/td>\n<td width=\"520\"><\/td>\n<\/tr>\n<tr>\n<td valign=\"top\" width=\"242\"><\/td>\n<td width=\"520\"><\/td>\n<\/tr>\n<tr>\n<td valign=\"top\" width=\"242\"><\/td>\n<td width=\"520\"><\/td>\n<\/tr>\n<tr>\n<td valign=\"top\" width=\"242\"><\/td>\n<td width=\"520\"><\/td>\n<\/tr>\n<\/tbody>\n<\/table>\n<p>Download:\u00a0<a href=\"https:\/\/www.cpecschool.org\/wp-content\/uploads\/2016\/04\/CPEC-FAQ-English-Spanish-110915-final.pdf\" target=\"_blank\">CPEC FAQs<\/a><\/p>\n\r\n\t\t<\/div> <!-- .et_pb_tab -->\r\n\t\t\t<\/div> <!-- .et_pb_all_tabs -->\r\n\t\t<\/div> <!-- .et_pb_tabs -->\r\n\t\t<\/div> <!-- .et_pb_column -->\r\n\t\t<\/div> <!-- .et_pb_row -->\r\n\t\t<\/div> <!-- .et_pb_section -->\n","protected":false},"excerpt":{"rendered":"","protected":false},"author":1,"featured_media":0,"parent":0,"menu_order":0,"comment_status":"open","ping_status":"open","template":"","meta":{"jetpack_post_was_ever_published":false,"footnotes":""},"class_list":["post-139","page","type-page","status-publish","hentry"],"jetpack_sharing_enabled":true,"jetpack_shortlink":"https:\/\/wp.me\/P8uTd7-2f","_links":{"self":[{"href":"https:\/\/www.cpecschool.org\/index.php?rest_route=\/wp\/v2\/pages\/139","targetHints":{"allow":["GET"]}}],"collection":[{"href":"https:\/\/www.cpecschool.org\/index.php?rest_route=\/wp\/v2\/pages"}],"about":[{"href":"https:\/\/www.cpecschool.org\/index.php?rest_route=\/wp\/v2\/types\/page"}],"author":[{"embeddable":true,"href":"https:\/\/www.cpecschool.org\/index.php?rest_route=\/wp\/v2\/users\/1"}],"replies":[{"embeddable":true,"href":"https:\/\/www.cpecschool.org\/index.php?rest_route=%2Fwp%2Fv2%2Fcomments&post=139"}],"version-history":[{"count":11,"href":"https:\/\/www.cpecschool.org\/index.php?rest_route=\/wp\/v2\/pages\/139\/revisions"}],"predecessor-version":[{"id":141,"href":"https:\/\/www.cpecschool.org\/index.php?rest_route=\/wp\/v2\/pages\/139\/revisions\/141"}],"wp:attachment":[{"href":"https:\/\/www.cpecschool.org\/index.php?rest_route=%2Fwp%2Fv2%2Fmedia&parent=139"}],"curies":[{"name":"wp","href":"https:\/\/api.w.org\/{rel}","templated":true}]}}