{"id":819,"date":"2020-03-15T11:10:57","date_gmt":"2020-03-15T18:10:57","guid":{"rendered":"https:\/\/www.cpecschool.org\/?page_id=819"},"modified":"2025-09-01T22:20:09","modified_gmt":"2025-09-02T05:20:09","slug":"corona-virus-update","status":"publish","type":"page","link":"https:\/\/www.cpecschool.org\/?page_id=819","title":{"rendered":"Welcome Back! 2025-26 School Year Launch"},"content":{"rendered":"\n<h3 class=\"wp-block-heading\">First Day of School\/Primer Dia de Clases: Tuesday, September 2, 2025<\/h3>\n\n\n\n<p><\/p>\n\n\n\n<p class=\"has-medium-font-size\"><strong>School Hours\/Horario Escolar: <\/strong>CPEC\u2019s hours of daily operation are 8:30 AM to 4:00 PM, Monday through Friday (excluding holidays and minimum days). <em>Las horas diarias de operaci\u00f3n de CPEC son de 8:30 a. m. a 4:00 p. m., de lunes a viernes (excluyendo feriados y d\u00edas m\u00ednimos)<\/em><\/p>\n\n\n\n<p class=\"has-medium-font-size\"><strong>Office Walk-in\/Visiting Hours\/Horas de visita\/sin cita previa en la oficina: <\/strong>CPEC\u2019s school walk-in\/visiting hours are 9:00 AM to 2:00 PM, Tuesday, Wednesday and Thursday (excluding holidays and minimum days). <em>El horario de visita\/entrada sin cita previa de la escuela de CPEC es de 9:00 a. m. a 2:00 p. m., los martes, mi\u00e9rcoles y jueves (excluyendo feriados y d\u00edas m\u00ednimos).<\/em><\/p>\n\n\n\n<p><\/p>\n\n\n\n<p class=\"has-medium-font-size\"><strong>Computer\/Learning Lab Hours\/Horario de Laboratorio de Aprendizaje: <\/strong>CPEC\u2019s learning lab will be open for student use between the hours of 9:00 AM and 2:00 PM, Tuesday, Wednesday and Thursday (excluding holidays and minimum days). <em>El laboratorio de aprendizaje de CPEC estar\u00e1 abierto para uso de los estudiantes entre las 9:00 a. m. y las 2:00 p. m., los martes, mi\u00e9rcoles y jueves (excluyendo feriados y d\u00edas m\u00ednimos).<\/em><\/p>\n\n\n\n<p><\/p>\n\n\n\n<p><strong>Please click on the CPEC 2025-26 School Launch document below for more information regarding the first two weeks of school and announcements.<\/strong> <em>Por favor haga clic en el documento abajo para mas informacion sobre las primeras dos semana de la escuela y anuncios.<\/em><\/p>\n\n\n\n<div class=\"wp-block-file\"><a id=\"wp-block-file--media-4e9c863f-dd73-466b-8c77-061c5315b38a\" href=\"https:\/\/www.cpecschool.org\/wp-content\/uploads\/2025\/09\/School-Student-Compact_School-Launch-_25-26-School-Year_Final-Draft-082925.pdf\">_CPEC 2025-26 School Launch and School-Student Compact Final 082925<\/a><a href=\"https:\/\/www.cpecschool.org\/wp-content\/uploads\/2025\/09\/School-Student-Compact_School-Launch-_25-26-School-Year_Final-Draft-082925.pdf\" class=\"wp-block-file__button wp-element-button\" download aria-describedby=\"wp-block-file--media-4e9c863f-dd73-466b-8c77-061c5315b38a\">Download<\/a><\/div>\n\n\n\n<div class=\"wp-block-file\"><a id=\"wp-block-file--media-313385d6-cbe2-438b-9dc9-334211d9c8f2\" href=\"https:\/\/www.cpecschool.org\/wp-content\/uploads\/2023\/09\/CPEC-Back-to-School-2023-24-Student-Orientation-Information-1.pdf\">CPEC-Back-to-School-2023-24-Student-Orientation-Information<\/a><a href=\"https:\/\/www.cpecschool.org\/wp-content\/uploads\/2023\/09\/CPEC-Back-to-School-2023-24-Student-Orientation-Information-1.pdf\" class=\"wp-block-file__button wp-element-button\" download aria-describedby=\"wp-block-file--media-313385d6-cbe2-438b-9dc9-334211d9c8f2\">Download<\/a><\/div>\n\n\n\n<div class=\"wp-block-file\"><a id=\"wp-block-file--media-f35c1181-7691-4b4b-8b3b-47ce6f5f78b9\" href=\"https:\/\/www.cpecschool.org\/wp-content\/uploads\/2023\/09\/CPEC-Back-to-School-2023-24-Student-Orientation-Information-Spanish.pdf\">CPEC-Back-to-School-2023-24-Student-Orientation-Information-Spanish<\/a><a href=\"https:\/\/www.cpecschool.org\/wp-content\/uploads\/2023\/09\/CPEC-Back-to-School-2023-24-Student-Orientation-Information-Spanish.pdf\" class=\"wp-block-file__button wp-element-button\" download aria-describedby=\"wp-block-file--media-f35c1181-7691-4b4b-8b3b-47ce6f5f78b9\">Download<\/a><\/div>\n\n\n\n<div class=\"wp-block-file\"><a id=\"wp-block-file--media-1d1cba08-784e-4894-920b-55c70d0a942f\" href=\"https:\/\/www.cpecschool.org\/wp-content\/uploads\/2022\/09\/CPEC-Back-to-School-2022-23-Student-Orientation-Information.pdf\">CPEC Back to School 2022-23 Student Orientation Information<\/a><a href=\"https:\/\/www.cpecschool.org\/wp-content\/uploads\/2022\/09\/CPEC-Back-to-School-2022-23-Student-Orientation-Information.pdf\" class=\"wp-block-file__button wp-element-button\" download aria-describedby=\"wp-block-file--media-1d1cba08-784e-4894-920b-55c70d0a942f\">Download<\/a><\/div>\n\n\n\n<p><\/p>\n\n\n\n<p><\/p>\n\n\n\n<p><\/p>\n\n\n\n<div class=\"wp-block-file\"><a id=\"wp-block-file--media-aa3e4951-6664-46f2-a5f6-ecafffd5d20d\" href=\"https:\/\/www.cpecschool.org\/wp-content\/uploads\/2021\/08\/CPEC-Launch-Letter-2021-22.pdf\">CPEC-Launch-Letter-2021-22<\/a><a href=\"https:\/\/www.cpecschool.org\/wp-content\/uploads\/2021\/08\/CPEC-Launch-Letter-2021-22.pdf\" class=\"wp-block-file__button wp-element-button\" download aria-describedby=\"wp-block-file--media-aa3e4951-6664-46f2-a5f6-ecafffd5d20d\">Download<\/a><\/div>\n\n\n\n<div class=\"wp-block-file\"><a id=\"wp-block-file--media-bb33f28e-b44f-4d91-acc1-37f03c3e1938\" href=\"https:\/\/www.cpecschool.org\/wp-content\/uploads\/2021\/08\/CPEC-Launch-Letter-2021-22-Spanish.pdf\">CPEC-Launch-Letter-2021-22-Spanish<\/a><a href=\"https:\/\/www.cpecschool.org\/wp-content\/uploads\/2021\/08\/CPEC-Launch-Letter-2021-22-Spanish.pdf\" class=\"wp-block-file__button wp-element-button\" download aria-describedby=\"wp-block-file--media-bb33f28e-b44f-4d91-acc1-37f03c3e1938\">Download<\/a><\/div>\n\n\n\n<div class=\"wp-block-file\"><a id=\"wp-block-file--media-8c5b3aaa-30ad-462a-ab02-38b2ddba8574\" href=\"https:\/\/www.cpecschool.org\/wp-content\/uploads\/2021\/08\/CPEC-Back-to-School-2021-22-Student-Orientation-Information.pdf\">CPEC-Back-to-School-2021-22-Student-Orientation-Information<\/a><a href=\"https:\/\/www.cpecschool.org\/wp-content\/uploads\/2021\/08\/CPEC-Back-to-School-2021-22-Student-Orientation-Information.pdf\" class=\"wp-block-file__button wp-element-button\" download aria-describedby=\"wp-block-file--media-8c5b3aaa-30ad-462a-ab02-38b2ddba8574\">Download<\/a><\/div>\n\n\n\n<p>Coronavirus\/ School Reopening Update: Prior Communications: (please click on links to download)<\/p>\n\n\n\n<div class=\"wp-block-file\"><a id=\"wp-block-file--media-4c8877a3-73bc-430f-8376-c5313504df21\" href=\"https:\/\/www.cpecschool.org\/wp-content\/uploads\/2021\/08\/CPEC-School-Reopening-and-End-of-Year-2020-21-Letter.pdf\">CPEC-School-Reopening-and-End-of-Year-2020-21-Letter<\/a><a href=\"https:\/\/www.cpecschool.org\/wp-content\/uploads\/2021\/08\/CPEC-School-Reopening-and-End-of-Year-2020-21-Letter.pdf\" class=\"wp-block-file__button wp-element-button\" download aria-describedby=\"wp-block-file--media-4c8877a3-73bc-430f-8376-c5313504df21\">Download<\/a><\/div>\n\n\n\n<div class=\"wp-block-file\"><a id=\"wp-block-file--media-96c18c0e-f78e-401a-b0b1-b2eab6e02d37\" href=\"https:\/\/www.cpecschool.org\/wp-content\/uploads\/2021\/08\/CPEC-School-Reopening-and-End-of-Year-2020-21-Letter-Spanish.pdf\">CPEC-School-Reopening-and-End-of-Year-2020-21-Letter-Spanish<\/a><a href=\"https:\/\/www.cpecschool.org\/wp-content\/uploads\/2021\/08\/CPEC-School-Reopening-and-End-of-Year-2020-21-Letter-Spanish.pdf\" class=\"wp-block-file__button wp-element-button\" download aria-describedby=\"wp-block-file--media-96c18c0e-f78e-401a-b0b1-b2eab6e02d37\">Download<\/a><\/div>\n\n\n\n<div class=\"wp-block-file\"><a id=\"wp-block-file--media-8e77d523-0e66-40ab-8172-10dd92ebeace\" href=\"https:\/\/www.cpecschool.org\/wp-content\/uploads\/2021\/06\/CPEC-Letter-041720-English.pdf\"><br>CPEC Letter 041720 English<\/a><a href=\"https:\/\/www.cpecschool.org\/wp-content\/uploads\/2021\/06\/CPEC-Letter-041720-English.pdf\" class=\"wp-block-file__button wp-element-button\" download aria-describedby=\"wp-block-file--media-8e77d523-0e66-40ab-8172-10dd92ebeace\">Download<\/a><\/div>\n\n\n\n<div class=\"wp-block-file\"><a id=\"wp-block-file--media-5bc97856-922b-4fb7-bb99-3b6d58eeebb0\" href=\"https:\/\/www.cpecschool.org\/wp-content\/uploads\/2021\/06\/CPEC-Letter-041720-Spanish.pdf\">CPEC Letter 041720 Spanish<\/a><a href=\"https:\/\/www.cpecschool.org\/wp-content\/uploads\/2021\/06\/CPEC-Letter-041720-Spanish.pdf\" class=\"wp-block-file__button wp-element-button\" download aria-describedby=\"wp-block-file--media-5bc97856-922b-4fb7-bb99-3b6d58eeebb0\">Download<\/a><\/div>\n\n\n\n<div class=\"wp-block-file\"><a id=\"wp-block-file--media-45ae6e79-5139-459a-a52a-166d0e846940\" href=\"https:\/\/www.cpecschool.org\/wp-content\/uploads\/2020\/03\/CPEC-Letter-031320-v2-English.pdf\">CPEC Letter 031320 v2 English<\/a><a href=\"https:\/\/www.cpecschool.org\/wp-content\/uploads\/2020\/03\/CPEC-Letter-031320-v2-English.pdf\" class=\"wp-block-file__button wp-element-button\" download aria-describedby=\"wp-block-file--media-45ae6e79-5139-459a-a52a-166d0e846940\">Download<\/a><\/div>\n\n\n\n<div class=\"wp-block-file\"><a id=\"wp-block-file--media-be4331a1-9502-4734-8d35-148bed99fbd2\" href=\"https:\/\/www.cpecschool.org\/wp-content\/uploads\/2020\/03\/CPEC-Letter-031320-v2-Spanish.pdf\">CPEC Letter 031320 v2 Spanish<\/a><a href=\"https:\/\/www.cpecschool.org\/wp-content\/uploads\/2020\/03\/CPEC-Letter-031320-v2-Spanish.pdf\" class=\"wp-block-file__button wp-element-button\" download aria-describedby=\"wp-block-file--media-be4331a1-9502-4734-8d35-148bed99fbd2\">Download<\/a><\/div>\n\n\n\n<p><\/p>\n","protected":false},"excerpt":{"rendered":"<p>First Day of School\/Primer Dia de Clases: Tuesday, September 2, 2025 School Hours\/Horario Escolar: CPEC\u2019s hours of daily operation are 8:30 AM to 4:00 PM, Monday through Friday (excluding holidays and minimum days). Las horas diarias de operaci\u00f3n de CPEC son de 8:30 a. m. a 4:00 p. m., de lunes a viernes (excluyendo feriados [&hellip;]<\/p>\n","protected":false},"author":1,"featured_media":0,"parent":0,"menu_order":0,"comment_status":"closed","ping_status":"closed","template":"","meta":{"jetpack_post_was_ever_published":false,"footnotes":""},"class_list":["post-819","page","type-page","status-publish","hentry"],"jetpack_sharing_enabled":true,"jetpack_shortlink":"https:\/\/wp.me\/P8uTd7-dd","_links":{"self":[{"href":"https:\/\/www.cpecschool.org\/index.php?rest_route=\/wp\/v2\/pages\/819","targetHints":{"allow":["GET"]}}],"collection":[{"href":"https:\/\/www.cpecschool.org\/index.php?rest_route=\/wp\/v2\/pages"}],"about":[{"href":"https:\/\/www.cpecschool.org\/index.php?rest_route=\/wp\/v2\/types\/page"}],"author":[{"embeddable":true,"href":"https:\/\/www.cpecschool.org\/index.php?rest_route=\/wp\/v2\/users\/1"}],"replies":[{"embeddable":true,"href":"https:\/\/www.cpecschool.org\/index.php?rest_route=%2Fwp%2Fv2%2Fcomments&post=819"}],"version-history":[{"count":9,"href":"https:\/\/www.cpecschool.org\/index.php?rest_route=\/wp\/v2\/pages\/819\/revisions"}],"predecessor-version":[{"id":1328,"href":"https:\/\/www.cpecschool.org\/index.php?rest_route=\/wp\/v2\/pages\/819\/revisions\/1328"}],"wp:attachment":[{"href":"https:\/\/www.cpecschool.org\/index.php?rest_route=%2Fwp%2Fv2%2Fmedia&parent=819"}],"curies":[{"name":"wp","href":"https:\/\/api.w.org\/{rel}","templated":true}]}}